{"id":780,"date":"2022-03-19T04:49:47","date_gmt":"2022-03-19T04:49:47","guid":{"rendered":"http:\/\/www.nautikarestoran.hr\/menu\/"},"modified":"2024-05-14T09:41:24","modified_gmt":"2024-05-14T09:41:24","slug":"meni","status":"publish","type":"page","link":"https:\/\/www.nautikarestoran.hr\/hr\/meni\/","title":{"rendered":"Meni"},"content":{"rendered":"\t\t<div data-elementor-type=\"wp-page\" data-elementor-id=\"780\" class=\"elementor elementor-780 elementor-258\">\n\t\t\t\t\t\t\t\t\t<section class=\"elementor-section elementor-top-section elementor-element elementor-element-668a2dd elementor-section-boxed elementor-section-height-default elementor-section-height-default\" data-id=\"668a2dd\" data-element_type=\"section\">\n\t\t\t\t\t\t<div class=\"elementor-container elementor-column-gap-default\">\n\t\t\t\t\t<div class=\"elementor-column elementor-col-100 elementor-top-column elementor-element elementor-element-5ee5105\" data-id=\"5ee5105\" data-element_type=\"column\">\n\t\t\t<div class=\"elementor-widget-wrap elementor-element-populated\">\n\t\t\t\t\t\t\t\t<div class=\"elementor-element elementor-element-7429689 elementor-widget elementor-widget-dine_menu\" data-id=\"7429689\" data-element_type=\"widget\" data-widget_type=\"dine_menu.default\">\n\t\t\t\t<div class=\"elementor-widget-container\">\n\t\t\t<div class=\"dine-menu-wrapper\"><h2 class=\"dine-menu-heading align-center\">Dishes<\/h2><div class=\"dine-menu column-2\">\n<div class=\"dine-menu-item\">\n\n    <div class=\"menu-item-inner\">\n        \n        \n        <div class=\"menu-item-text\">\n\n            <div class=\"menu-item-header\">\n\n                <h3 class=\"menu-item-name\">DALMATIAN PLATTER FOR 2 PERSONS<\/h3>\n\n                <span class=\"dots\"><\/span>\n\n                <span class=\"menu-item-price\"><\/span>\n\n            <\/div>\n\n            <div class=\"menu-item-desc\">\n\n                \n            <\/div>\n\n        <\/div><!-- .menu-item-text -->\n\n    <\/div><!-- .menu-item-inner -->\n\n<\/div><!-- .dine-menu-item -->\n\n\n<div class=\"dine-menu-item\">\n\n    <div class=\"menu-item-inner\">\n        \n        \n        <div class=\"menu-item-text\">\n\n            <div class=\"menu-item-header\">\n\n                <h3 class=\"menu-item-name\">DALMATIAN FISH SOUP<\/h3>\n\n                <span class=\"dots\"><\/span>\n\n                <span class=\"menu-item-price\"><\/span>\n\n            <\/div>\n\n            <div class=\"menu-item-desc\">\n\n                \n            <\/div>\n\n        <\/div><!-- .menu-item-text -->\n\n    <\/div><!-- .menu-item-inner -->\n\n<\/div><!-- .dine-menu-item -->\n\n\n<div class=\"dine-menu-item\">\n\n    <div class=\"menu-item-inner\">\n        \n        \n        <div class=\"menu-item-text\">\n\n            <div class=\"menu-item-header\">\n\n                <h3 class=\"menu-item-name\">GREEN NOODLES WITH SHRIMPS AND PRAWN<\/h3>\n\n                <span class=\"dots\"><\/span>\n\n                <span class=\"menu-item-price\"><\/span>\n\n            <\/div>\n\n            <div class=\"menu-item-desc\">\n\n                \n            <\/div>\n\n        <\/div><!-- .menu-item-text -->\n\n    <\/div><!-- .menu-item-inner -->\n\n<\/div><!-- .dine-menu-item -->\n\n\n<div class=\"dine-menu-item\">\n\n    <div class=\"menu-item-inner\">\n        \n        \n        <div class=\"menu-item-text\">\n\n            <div class=\"menu-item-header\">\n\n                <h3 class=\"menu-item-name\">FIRST CLASS FISH (DAILY OFFER)<\/h3>\n\n                <span class=\"dots\"><\/span>\n\n                <span class=\"menu-item-price\"><\/span>\n\n            <\/div>\n\n            <div class=\"menu-item-desc\">\n\n                \n            <\/div>\n\n        <\/div><!-- .menu-item-text -->\n\n    <\/div><!-- .menu-item-inner -->\n\n<\/div><!-- .dine-menu-item -->\n\n\n<div class=\"dine-menu-item\">\n\n    <div class=\"menu-item-inner\">\n        \n        \n        <div class=\"menu-item-text\">\n\n            <div class=\"menu-item-header\">\n\n                <h3 class=\"menu-item-name\">GRILLED TUNA WITH VEGETABLE<\/h3>\n\n                <span class=\"dots\"><\/span>\n\n                <span class=\"menu-item-price\"><\/span>\n\n            <\/div>\n\n            <div class=\"menu-item-desc\">\n\n                \n            <\/div>\n\n        <\/div><!-- .menu-item-text -->\n\n    <\/div><!-- .menu-item-inner -->\n\n<\/div><!-- .dine-menu-item -->\n\n\n<div class=\"dine-menu-item\">\n\n    <div class=\"menu-item-inner\">\n        \n        \n        <div class=\"menu-item-text\">\n\n            <div class=\"menu-item-header\">\n\n                <h3 class=\"menu-item-name\">LOBSTER AND SHRIMP BUZARA WITH NOODLES<\/h3>\n\n                <span class=\"dots\"><\/span>\n\n                <span class=\"menu-item-price\"><\/span>\n\n            <\/div>\n\n            <div class=\"menu-item-desc\">\n\n                \n            <\/div>\n\n        <\/div><!-- .menu-item-text -->\n\n    <\/div><!-- .menu-item-inner -->\n\n<\/div><!-- .dine-menu-item -->\n\n\n<div class=\"dine-menu-item\">\n\n    <div class=\"menu-item-inner\">\n        \n        \n        <div class=\"menu-item-text\">\n\n            <div class=\"menu-item-header\">\n\n                <h3 class=\"menu-item-name\">GRILLED SQUIDS CALAMARI<\/h3>\n\n                <span class=\"dots\"><\/span>\n\n                <span class=\"menu-item-price\"><\/span>\n\n            <\/div>\n\n            <div class=\"menu-item-desc\">\n\n                \n            <\/div>\n\n        <\/div><!-- .menu-item-text -->\n\n    <\/div><!-- .menu-item-inner -->\n\n<\/div><!-- .dine-menu-item -->\n\n\n<div class=\"dine-menu-item\">\n\n    <div class=\"menu-item-inner\">\n        \n        \n        <div class=\"menu-item-text\">\n\n            <div class=\"menu-item-header\">\n\n                <h3 class=\"menu-item-name\">AGED AND GRILLED RIBEYE STEA<\/h3>\n\n                <span class=\"dots\"><\/span>\n\n                <span class=\"menu-item-price\"><\/span>\n\n            <\/div>\n\n            <div class=\"menu-item-desc\">\n\n                \n            <\/div>\n\n        <\/div><!-- .menu-item-text -->\n\n    <\/div><!-- .menu-item-inner -->\n\n<\/div><!-- .dine-menu-item -->\n\n\n<div class=\"dine-menu-item\">\n\n    <div class=\"menu-item-inner\">\n        \n        \n        <div class=\"menu-item-text\">\n\n            <div class=\"menu-item-header\">\n\n                <h3 class=\"menu-item-name\">AGED BEEFSTEAK IN TRUFFLE SAUCE<\/h3>\n\n                <span class=\"dots\"><\/span>\n\n                <span class=\"menu-item-price\"><\/span>\n\n            <\/div>\n\n            <div class=\"menu-item-desc\">\n\n                \n            <\/div>\n\n        <\/div><!-- .menu-item-text -->\n\n    <\/div><!-- .menu-item-inner -->\n\n<\/div><!-- .dine-menu-item -->\n\n\n<div class=\"dine-menu-item\">\n\n    <div class=\"menu-item-inner\">\n        \n        \n        <div class=\"menu-item-text\">\n\n            <div class=\"menu-item-header\">\n\n                <h3 class=\"menu-item-name\">MEAT PLATTER FOR 2 PERSONS<\/h3>\n\n                <span class=\"dots\"><\/span>\n\n                <span class=\"menu-item-price\"><\/span>\n\n            <\/div>\n\n            <div class=\"menu-item-desc\">\n\n                \n            <\/div>\n\n        <\/div><!-- .menu-item-text -->\n\n    <\/div><!-- .menu-item-inner -->\n\n<\/div><!-- .dine-menu-item -->\n\n\n<div class=\"dine-menu-item\">\n\n    <div class=\"menu-item-inner\">\n        \n        \n        <div class=\"menu-item-text\">\n\n            <div class=\"menu-item-header\">\n\n                <h3 class=\"menu-item-name\">PIZZA VEGETARIANA<\/h3>\n\n                <span class=\"dots\"><\/span>\n\n                <span class=\"menu-item-price\"><\/span>\n\n            <\/div>\n\n            <div class=\"menu-item-desc\">\n\n                tomatoes, cheese, button mushrooms, vegetables\n            <\/div>\n\n        <\/div><!-- .menu-item-text -->\n\n    <\/div><!-- .menu-item-inner -->\n\n<\/div><!-- .dine-menu-item -->\n\n\n<div class=\"dine-menu-item\">\n\n    <div class=\"menu-item-inner\">\n        \n        \n        <div class=\"menu-item-text\">\n\n            <div class=\"menu-item-header\">\n\n                <h3 class=\"menu-item-name\">PIZZA BRESOLA<\/h3>\n\n                <span class=\"dots\"><\/span>\n\n                <span class=\"menu-item-price\"><\/span>\n\n            <\/div>\n\n            <div class=\"menu-item-desc\">\n\n                tomatoes, cheese, tuna\n            <\/div>\n\n        <\/div><!-- .menu-item-text -->\n\n    <\/div><!-- .menu-item-inner -->\n\n<\/div><!-- .dine-menu-item -->\n\n<\/div><\/div>\t\t<\/div>\n\t\t\t\t<\/div>\n\t\t\t\t\t<\/div>\n\t\t<\/div>\n\t\t\t\t\t\t\t<\/div>\n\t\t<\/section>\n\t\t\t\t<section class=\"elementor-section elementor-top-section elementor-element elementor-element-e54a99e elementor-section-boxed elementor-section-height-default elementor-section-height-default\" data-id=\"e54a99e\" data-element_type=\"section\">\n\t\t\t\t\t\t<div class=\"elementor-container elementor-column-gap-default\">\n\t\t\t\t\t<div class=\"elementor-column elementor-col-100 elementor-top-column elementor-element elementor-element-824bfae\" data-id=\"824bfae\" data-element_type=\"column\">\n\t\t\t<div class=\"elementor-widget-wrap elementor-element-populated\">\n\t\t\t\t\t\t\t\t<div class=\"elementor-element elementor-element-d502601 elementor-widget elementor-widget-dine_button\" data-id=\"d502601\" data-element_type=\"widget\" data-widget_type=\"dine_button.default\">\n\t\t\t\t<div class=\"elementor-widget-container\">\n\t\t\t<style>#btn-209{background:#FAB925}#btn-209:hover{background:#000000}<\/style>\n<div class=\"dine-button button-center\">\n\n    <a id=\"btn-209\" class=\"dine-btn botun btn-primary btn-round\"><span>See full menu<\/span><\/a>\n    \n<\/div>\n\n\t\t<\/div>\n\t\t\t\t<\/div>\n\t\t\t\t\t<\/div>\n\t\t<\/div>\n\t\t\t\t\t\t\t<\/div>\n\t\t<\/section>\n\t\t\t\t<section class=\"elementor-section elementor-top-section elementor-element elementor-element-db3b644 elementor-section-height-min-height elementor-section-stretched dine-parallax elementor-section-boxed elementor-section-height-default elementor-section-items-middle\" data-id=\"db3b644\" data-element_type=\"section\" data-settings=\"{&quot;stretch_section&quot;:&quot;section-stretched&quot;,&quot;background_background&quot;:&quot;classic&quot;}\">\n\t\t\t\t\t\t\t<div class=\"elementor-background-overlay\"><\/div>\n\t\t\t\t\t\t\t<div class=\"elementor-container elementor-column-gap-default\">\n\t\t\t\t\t<div class=\"elementor-column elementor-col-100 elementor-top-column elementor-element elementor-element-c76c9d0\" data-id=\"c76c9d0\" data-element_type=\"column\">\n\t\t\t<div class=\"elementor-widget-wrap\">\n\t\t\t\t\t\t\t\t\t<\/div>\n\t\t<\/div>\n\t\t\t\t\t\t\t<\/div>\n\t\t<\/section>\n\t\t\t\t<section class=\"elementor-section elementor-top-section elementor-element elementor-element-7dd8740 elementor-section-boxed elementor-section-height-default elementor-section-height-default\" data-id=\"7dd8740\" data-element_type=\"section\">\n\t\t\t\t\t\t<div class=\"elementor-container elementor-column-gap-default\">\n\t\t\t\t\t<div class=\"elementor-column elementor-col-100 elementor-top-column elementor-element elementor-element-eb7600a\" data-id=\"eb7600a\" data-element_type=\"column\">\n\t\t\t<div class=\"elementor-widget-wrap elementor-element-populated\">\n\t\t\t\t\t\t\t\t<div class=\"elementor-element elementor-element-3413a34 wine-list-menu elementor-widget elementor-widget-dine_menu\" data-id=\"3413a34\" data-element_type=\"widget\" data-widget_type=\"dine_menu.default\">\n\t\t\t\t<div class=\"elementor-widget-container\">\n\t\t\t<div class=\"dine-menu-wrapper\"><h2 class=\"dine-menu-heading align-center\">Wine list<\/h2><div class=\"dine-menu column-2\">\n<div class=\"dine-menu-item\">\n\n    <div class=\"menu-item-inner\">\n        \n        \n        <div class=\"menu-item-text\">\n\n            <div class=\"menu-item-header\">\n\n                <h3 class=\"menu-item-name\">PO\u0160IP ZURE 0,75<\/h3>\n\n                <span class=\"dots\"><\/span>\n\n                <span class=\"menu-item-price\"><\/span>\n\n            <\/div>\n\n            <div class=\"menu-item-desc\">\n\n                DALMACIJA\/SREDNJA I JU\u017dNA DALMACIJA\/KOR\u010cULA - Po\u0161ip - dry\n            <\/div>\n\n        <\/div><!-- .menu-item-text -->\n\n    <\/div><!-- .menu-item-inner -->\n\n<\/div><!-- .dine-menu-item -->\n\n\n<div class=\"dine-menu-item\">\n\n    <div class=\"menu-item-inner\">\n        \n        \n        <div class=\"menu-item-text\">\n\n            <div class=\"menu-item-header\">\n\n                <h3 class=\"menu-item-name\">PO\u0160IP INTRADA KRAJAN\u010cI\u010c 0,75                                            <\/h3>\n\n                <span class=\"dots\"><\/span>\n\n                <span class=\"menu-item-price\"><\/span>\n\n            <\/div>\n\n            <div class=\"menu-item-desc\">\n\n                DALMACIJA\/SREDNJA I JU\u017dNA DALMACIJA\/KOR\u010cULA po\u0161ip                 suho\/dry \n\n            <\/div>\n\n        <\/div><!-- .menu-item-text -->\n\n    <\/div><!-- .menu-item-inner -->\n\n<\/div><!-- .dine-menu-item -->\n\n\n<div class=\"dine-menu-item\">\n\n    <div class=\"menu-item-inner\">\n        \n        \n        <div class=\"menu-item-text\">\n\n            <div class=\"menu-item-header\">\n\n                <h3 class=\"menu-item-name\">PO\u0160IP JOVANOV 0,75<\/h3>\n\n                <span class=\"dots\"><\/span>\n\n                <span class=\"menu-item-price\"><\/span>\n\n            <\/div>\n\n            <div class=\"menu-item-desc\">\n\n                DALMACIJA\/SREDNJA I JU\u017dNA DALMACIJA\/KOR\u010cULA suho\/dry \n\n            <\/div>\n\n        <\/div><!-- .menu-item-text -->\n\n    <\/div><!-- .menu-item-inner -->\n\n<\/div><!-- .dine-menu-item -->\n\n\n<div class=\"dine-menu-item\">\n\n    <div class=\"menu-item-inner\">\n        \n        \n        <div class=\"menu-item-text\">\n\n            <div class=\"menu-item-header\">\n\n                <h3 class=\"menu-item-name\">PLAVAC ZAGLAV KRAJAN\u010cI\u0106 0,75<\/h3>\n\n                <span class=\"dots\"><\/span>\n\n                <span class=\"menu-item-price\"><\/span>\n\n            <\/div>\n\n            <div class=\"menu-item-desc\">\n\n                DALMACIJA\/SREDNJA I JU\u017dNA DALMACIJA\/KOR\u010cULA plavac                 \n\n            <\/div>\n\n        <\/div><!-- .menu-item-text -->\n\n    <\/div><!-- .menu-item-inner -->\n\n<\/div><!-- .dine-menu-item -->\n\n\n<div class=\"dine-menu-item\">\n\n    <div class=\"menu-item-inner\">\n        \n        \n        <div class=\"menu-item-text\">\n\n            <div class=\"menu-item-header\">\n\n                <h3 class=\"menu-item-name\">DINGA\u010c MATU\u0160KO 0,75<\/h3>\n\n                <span class=\"dots\"><\/span>\n\n                <span class=\"menu-item-price\"><\/span>\n\n            <\/div>\n\n            <div class=\"menu-item-desc\">\n\n                DALMACIJA\/SREDNJA I JU\u017dNA DALMACIJA\/PELJE\u0160AC - Plavac mali - dry\n            <\/div>\n\n        <\/div><!-- .menu-item-text -->\n\n    <\/div><!-- .menu-item-inner -->\n\n<\/div><!-- .dine-menu-item -->\n\n\n<div class=\"dine-menu-item\">\n\n    <div class=\"menu-item-inner\">\n        \n        \n        <div class=\"menu-item-text\">\n\n            <div class=\"menu-item-header\">\n\n                <h3 class=\"menu-item-name\">ROSE BIRE 0,75<\/h3>\n\n                <span class=\"dots\"><\/span>\n\n                <span class=\"menu-item-price\"><\/span>\n\n            <\/div>\n\n            <div class=\"menu-item-desc\">\n\n                DALMACIJA\/SREDNJA I JU\u017dNA DALMACIJA\/KOR\u010cULA \n            <\/div>\n\n        <\/div><!-- .menu-item-text -->\n\n    <\/div><!-- .menu-item-inner -->\n\n<\/div><!-- .dine-menu-item -->\n\n<\/div><\/div>\t\t<\/div>\n\t\t\t\t<\/div>\n\t\t\t\t\t<\/div>\n\t\t<\/div>\n\t\t\t\t\t\t\t<\/div>\n\t\t<\/section>\n\t\t\t\t<section class=\"elementor-section elementor-top-section elementor-element elementor-element-6a93022 elementor-section-boxed elementor-section-height-default elementor-section-height-default\" data-id=\"6a93022\" data-element_type=\"section\">\n\t\t\t\t\t\t<div class=\"elementor-container elementor-column-gap-default\">\n\t\t\t\t\t<div class=\"elementor-column elementor-col-100 elementor-top-column elementor-element elementor-element-a50232f\" data-id=\"a50232f\" data-element_type=\"column\">\n\t\t\t<div class=\"elementor-widget-wrap elementor-element-populated\">\n\t\t\t\t\t\t\t\t<div class=\"elementor-element elementor-element-703f8b4 elementor-widget elementor-widget-dine_button\" data-id=\"703f8b4\" data-element_type=\"widget\" data-widget_type=\"dine_button.default\">\n\t\t\t\t<div class=\"elementor-widget-container\">\n\t\t\t<style>#btn-205{background:#FAB925}#btn-205:hover{background:#000000}<\/style>\n<div class=\"dine-button button-center\">\n\n    <a id=\"btn-205\" class=\"dine-btn botun btn-primary btn-round\"><span>See full wine list<\/span><\/a>\n    \n<\/div>\n\n\t\t<\/div>\n\t\t\t\t<\/div>\n\t\t\t\t\t<\/div>\n\t\t<\/div>\n\t\t\t\t\t\t\t<\/div>\n\t\t<\/section>\n\t\t\t\t<section class=\"elementor-section elementor-top-section elementor-element elementor-element-bac9a68 elementor-section-height-min-height elementor-section-stretched dine-parallax elementor-section-boxed elementor-section-height-default elementor-section-items-middle\" data-id=\"bac9a68\" data-element_type=\"section\" data-settings=\"{&quot;stretch_section&quot;:&quot;section-stretched&quot;,&quot;background_background&quot;:&quot;classic&quot;}\">\n\t\t\t\t\t\t\t<div class=\"elementor-background-overlay\"><\/div>\n\t\t\t\t\t\t\t<div class=\"elementor-container elementor-column-gap-default\">\n\t\t\t\t\t<div class=\"elementor-column elementor-col-100 elementor-top-column elementor-element elementor-element-1f5f2cd\" data-id=\"1f5f2cd\" data-element_type=\"column\">\n\t\t\t<div class=\"elementor-widget-wrap\">\n\t\t\t\t\t\t\t\t\t<\/div>\n\t\t<\/div>\n\t\t\t\t\t\t\t<\/div>\n\t\t<\/section>\n\t\t\t\t<section class=\"elementor-section elementor-top-section elementor-element elementor-element-a9a34b8 elementor-section-boxed elementor-section-height-default elementor-section-height-default\" data-id=\"a9a34b8\" data-element_type=\"section\">\n\t\t\t\t\t\t<div class=\"elementor-container elementor-column-gap-default\">\n\t\t\t\t\t<div class=\"elementor-column elementor-col-100 elementor-top-column elementor-element elementor-element-9171e74\" data-id=\"9171e74\" data-element_type=\"column\">\n\t\t\t<div class=\"elementor-widget-wrap elementor-element-populated\">\n\t\t\t\t\t\t\t\t<div class=\"elementor-element elementor-element-234b266 elementor-widget elementor-widget-dine_menu\" data-id=\"234b266\" data-element_type=\"widget\" data-widget_type=\"dine_menu.default\">\n\t\t\t\t<div class=\"elementor-widget-container\">\n\t\t\t<div class=\"dine-menu-wrapper\"><h2 class=\"dine-menu-heading align-center\">Drinks<\/h2><div class=\"dine-menu column-2\">\n<div class=\"dine-menu-item\">\n\n    <div class=\"menu-item-inner\">\n        \n        \n        <div class=\"menu-item-text\">\n\n            <div class=\"menu-item-header\">\n\n                <h3 class=\"menu-item-name\">Espresso<\/h3>\n\n                <span class=\"dots\"><\/span>\n\n                <span class=\"menu-item-price\"><\/span>\n\n            <\/div>\n\n            <div class=\"menu-item-desc\">\n\n                \n            <\/div>\n\n        <\/div><!-- .menu-item-text -->\n\n    <\/div><!-- .menu-item-inner -->\n\n<\/div><!-- .dine-menu-item -->\n\n\n<div class=\"dine-menu-item\">\n\n    <div class=\"menu-item-inner\">\n        \n        \n        <div class=\"menu-item-text\">\n\n            <div class=\"menu-item-header\">\n\n                <h3 class=\"menu-item-name\">Fresh orange juice<\/h3>\n\n                <span class=\"dots\"><\/span>\n\n                <span class=\"menu-item-price\"><\/span>\n\n            <\/div>\n\n            <div class=\"menu-item-desc\">\n\n                \n            <\/div>\n\n        <\/div><!-- .menu-item-text -->\n\n    <\/div><!-- .menu-item-inner -->\n\n<\/div><!-- .dine-menu-item -->\n\n\n<div class=\"dine-menu-item\">\n\n    <div class=\"menu-item-inner\">\n        \n        \n        <div class=\"menu-item-text\">\n\n            <div class=\"menu-item-header\">\n\n                <h3 class=\"menu-item-name\">Draught beer 0.33l<\/h3>\n\n                <span class=\"dots\"><\/span>\n\n                <span class=\"menu-item-price\"><\/span>\n\n            <\/div>\n\n            <div class=\"menu-item-desc\">\n\n                \n            <\/div>\n\n        <\/div><!-- .menu-item-text -->\n\n    <\/div><!-- .menu-item-inner -->\n\n<\/div><!-- .dine-menu-item -->\n\n\n<div class=\"dine-menu-item\">\n\n    <div class=\"menu-item-inner\">\n        \n        \n        <div class=\"menu-item-text\">\n\n            <div class=\"menu-item-header\">\n\n                <h3 class=\"menu-item-name\">Tonic <\/h3>\n\n                <span class=\"dots\"><\/span>\n\n                <span class=\"menu-item-price\"><\/span>\n\n            <\/div>\n\n            <div class=\"menu-item-desc\">\n\n                \n            <\/div>\n\n        <\/div><!-- .menu-item-text -->\n\n    <\/div><!-- .menu-item-inner -->\n\n<\/div><!-- .dine-menu-item -->\n\n\n<div class=\"dine-menu-item\">\n\n    <div class=\"menu-item-inner\">\n        \n        \n        <div class=\"menu-item-text\">\n\n            <div class=\"menu-item-header\">\n\n                <h3 class=\"menu-item-name\">Bacardi<\/h3>\n\n                <span class=\"dots\"><\/span>\n\n                <span class=\"menu-item-price\"><\/span>\n\n            <\/div>\n\n            <div class=\"menu-item-desc\">\n\n                \n            <\/div>\n\n        <\/div><!-- .menu-item-text -->\n\n    <\/div><!-- .menu-item-inner -->\n\n<\/div><!-- .dine-menu-item -->\n\n\n<div class=\"dine-menu-item\">\n\n    <div class=\"menu-item-inner\">\n        \n        \n        <div class=\"menu-item-text\">\n\n            <div class=\"menu-item-header\">\n\n                <h3 class=\"menu-item-name\">Baileys<\/h3>\n\n                <span class=\"dots\"><\/span>\n\n                <span class=\"menu-item-price\"><\/span>\n\n            <\/div>\n\n            <div class=\"menu-item-desc\">\n\n                \n            <\/div>\n\n        <\/div><!-- .menu-item-text -->\n\n    <\/div><!-- .menu-item-inner -->\n\n<\/div><!-- .dine-menu-item -->\n\n<\/div><\/div>\t\t<\/div>\n\t\t\t\t<\/div>\n\t\t\t\t\t<\/div>\n\t\t<\/div>\n\t\t\t\t\t\t\t<\/div>\n\t\t<\/section>\n\t\t\t\t<section class=\"elementor-section elementor-top-section elementor-element elementor-element-92fb783 elementor-section-boxed elementor-section-height-default elementor-section-height-default\" data-id=\"92fb783\" data-element_type=\"section\">\n\t\t\t\t\t\t<div class=\"elementor-container elementor-column-gap-default\">\n\t\t\t\t\t<div class=\"elementor-column elementor-col-100 elementor-top-column elementor-element elementor-element-9c01746\" data-id=\"9c01746\" data-element_type=\"column\">\n\t\t\t<div class=\"elementor-widget-wrap elementor-element-populated\">\n\t\t\t\t\t\t\t\t<div class=\"elementor-element elementor-element-221cd4a elementor-widget elementor-widget-dine_button\" data-id=\"221cd4a\" data-element_type=\"widget\" data-widget_type=\"dine_button.default\">\n\t\t\t\t<div class=\"elementor-widget-container\">\n\t\t\t<style>#btn-231{background:#FAB925}#btn-231:hover{background:#000000}<\/style>\n<div class=\"dine-button button-center\">\n\n    <a id=\"btn-231\" class=\"dine-btn botun btn-primary btn-round\"><span>See full drinks list<\/span><\/a>\n    \n<\/div>\n\n\t\t<\/div>\n\t\t\t\t<\/div>\n\t\t\t\t\t<\/div>\n\t\t<\/div>\n\t\t\t\t\t\t\t<\/div>\n\t\t<\/section>\n\t\t\t\t\t\t\t<\/div>\n\t\t","protected":false},"excerpt":{"rendered":"<p>Dishes DALMATIAN PLATTER FOR 2 PERSONS DALMATIAN FISH SOUP GREEN NOODLES WITH SHRIMPS AND PRAWN FIRST CLASS FISH (DAILY OFFER) GRILLED TUNA WITH VEGETABLE LOBSTER AND SHRIMP BUZARA WITH NOODLES GRILLED SQUIDS CALAMARI AGED AND GRILLED RIBEYE STEA AGED BEEFSTEAK IN TRUFFLE SAUCE MEAT PLATTER FOR 2 PERSONS PIZZA VEGETARIANA tomatoes, cheese, button mushrooms, vegetables &hellip; <\/p>\n","protected":false},"author":1,"featured_media":0,"parent":0,"menu_order":0,"comment_status":"closed","ping_status":"closed","template":"","meta":{"footnotes":""},"class_list":["post-780","page","type-page","status-publish","hentry"],"_links":{"self":[{"href":"https:\/\/www.nautikarestoran.hr\/hr\/wp-json\/wp\/v2\/pages\/780","targetHints":{"allow":["GET"]}}],"collection":[{"href":"https:\/\/www.nautikarestoran.hr\/hr\/wp-json\/wp\/v2\/pages"}],"about":[{"href":"https:\/\/www.nautikarestoran.hr\/hr\/wp-json\/wp\/v2\/types\/page"}],"author":[{"embeddable":true,"href":"https:\/\/www.nautikarestoran.hr\/hr\/wp-json\/wp\/v2\/users\/1"}],"replies":[{"embeddable":true,"href":"https:\/\/www.nautikarestoran.hr\/hr\/wp-json\/wp\/v2\/comments?post=780"}],"version-history":[{"count":42,"href":"https:\/\/www.nautikarestoran.hr\/hr\/wp-json\/wp\/v2\/pages\/780\/revisions"}],"predecessor-version":[{"id":1081,"href":"https:\/\/www.nautikarestoran.hr\/hr\/wp-json\/wp\/v2\/pages\/780\/revisions\/1081"}],"wp:attachment":[{"href":"https:\/\/www.nautikarestoran.hr\/hr\/wp-json\/wp\/v2\/media?parent=780"}],"curies":[{"name":"wp","href":"https:\/\/api.w.org\/{rel}","templated":true}]}}